{"id":872,"date":"2025-04-13T09:59:21","date_gmt":"2025-04-13T07:59:21","guid":{"rendered":"https:\/\/usinepaintballpercy.com\/?page_id=872"},"modified":"2025-04-13T10:28:46","modified_gmt":"2025-04-13T08:28:46","slug":"partenaires-locaux","status":"publish","type":"page","link":"https:\/\/usinepaintballpercy.com\/index.php\/partenaires-locaux\/","title":{"rendered":"Partenaires Locaux"},"content":{"rendered":"\n<div class=\"wp-block-cover is-light\"><span aria-hidden=\"true\" class=\"wp-block-cover__background has-background-dim\" style=\"background-color:#939393\"><\/span><img fetchpriority=\"high\" decoding=\"async\" width=\"1065\" height=\"654\" class=\"wp-block-cover__image-background wp-image-122\" alt=\"\" src=\"http:\/\/usinepaintballpercy.com\/wp-content\/uploads\/2024\/01\/site_essai-1.jpg\" data-object-fit=\"cover\" srcset=\"https:\/\/usinepaintballpercy.com\/wp-content\/uploads\/2024\/01\/site_essai-1.jpg 1065w, https:\/\/usinepaintballpercy.com\/wp-content\/uploads\/2024\/01\/site_essai-1-300x184.jpg 300w, https:\/\/usinepaintballpercy.com\/wp-content\/uploads\/2024\/01\/site_essai-1-1024x629.jpg 1024w, https:\/\/usinepaintballpercy.com\/wp-content\/uploads\/2024\/01\/site_essai-1-768x472.jpg 768w\" sizes=\"(max-width: 1065px) 100vw, 1065px\" \/><div class=\"wp-block-cover__inner-container is-layout-constrained wp-block-cover-is-layout-constrained\">\n<h1 class=\"wp-block-heading has-text-align-center\" style=\"font-size:80px;text-transform:none\"><mark style=\"background-color:rgba(0, 0, 0, 0)\" class=\"has-inline-color has-ast-global-color-7-color\">Partenaires Locaux<\/mark><\/h1>\n<\/div><\/div>\n\n\n\n<div class=\"wp-block-columns is-layout-flex wp-container-core-columns-is-layout-28f84493 wp-block-columns-is-layout-flex\">\n<div class=\"wp-block-column is-layout-flow wp-block-column-is-layout-flow\">\n<figure class=\"wp-block-gallery has-nested-images columns-default is-cropped wp-block-gallery-1 is-layout-flex wp-block-gallery-is-layout-flex\">\n<figure class=\"wp-block-image size-large\"><a href=\"https:\/\/laclefdecamp.fr\/fr\/\"><img decoding=\"async\" width=\"1024\" height=\"406\" data-id=\"880\" src=\"https:\/\/usinepaintballpercy.com\/wp-content\/uploads\/2025\/04\/LOGO-LA-CLEF-DECAMP-noir-1024x406.png\" alt=\"\" class=\"wp-image-880\" srcset=\"https:\/\/usinepaintballpercy.com\/wp-content\/uploads\/2025\/04\/LOGO-LA-CLEF-DECAMP-noir-1024x406.png 1024w, https:\/\/usinepaintballpercy.com\/wp-content\/uploads\/2025\/04\/LOGO-LA-CLEF-DECAMP-noir-300x119.png 300w, https:\/\/usinepaintballpercy.com\/wp-content\/uploads\/2025\/04\/LOGO-LA-CLEF-DECAMP-noir-768x305.png 768w, https:\/\/usinepaintballpercy.com\/wp-content\/uploads\/2025\/04\/LOGO-LA-CLEF-DECAMP-noir-1536x609.png 1536w, https:\/\/usinepaintballpercy.com\/wp-content\/uploads\/2025\/04\/LOGO-LA-CLEF-DECAMP-noir-2048x812.png 2048w\" sizes=\"(max-width: 1024px) 100vw, 1024px\" \/><\/a><\/figure>\n<\/figure>\n\n\n\n<h2 class=\"wp-block-heading\" style=\"text-transform:uppercase\"><mark style=\"background-color:rgba(0, 0, 0, 0)\" class=\"has-inline-color has-ast-global-color-7-color\"><strong>LA CLEF DECAMP<\/strong><\/mark><\/h2>\n\n\n\n<p style=\"font-size:25px;text-transform:none\"><mark style=\"background-color:rgba(0, 0, 0, 0)\" class=\"has-inline-color has-ast-global-color-2-color\">La Clef Decamp est une agence sp\u00e9cialis\u00e9e dans la location de g\u00eetes de charme. <\/mark><br>Nous proposons des s\u00e9jours authentiques et confortables dans une quarantaine de g\u00eetes soigneusement s\u00e9lectionn\u00e9s.<\/p>\n\n\n\n<p style=\"font-size:25px;text-transform:none\">Nos h\u00e9bergements sont situ\u00e9s dans des r\u00e9gions pleines de charme : le Sud Manche, le Nord Cotentin, Amiens, La Baule et Biot.<\/p>\n\n\n\n<p style=\"font-size:25px;text-transform:none\">Un service cl\u00e9 en main pour un s\u00e9jour en toute s\u00e9r\u00e9nit\u00e9.<\/p>\n\n\n\n<div class=\"wp-block-buttons is-layout-flex wp-block-buttons-is-layout-flex\">\n<div class=\"wp-block-button\"><a class=\"wp-block-button__link wp-element-button\" href=\"https:\/\/laclefdecamp.fr\/fr\/\">En Savoir +<\/a><\/div>\n<\/div>\n<\/div>\n<\/div>\n\n\n\n<div class=\"wp-block-columns is-layout-flex wp-container-core-columns-is-layout-28f84493 wp-block-columns-is-layout-flex\">\n<div class=\"wp-block-column is-layout-flow wp-block-column-is-layout-flow\">\n<figure class=\"wp-block-gallery has-nested-images columns-default is-cropped wp-block-gallery-2 is-layout-flex wp-block-gallery-is-layout-flex\"><\/figure>\n\n\n\n<p><\/p>\n<\/div>\n\n\n\n<div class=\"wp-block-column is-layout-flow wp-block-column-is-layout-flow\">\n<figure class=\"wp-block-gallery has-nested-images columns-default is-cropped wp-block-gallery-3 is-layout-flex wp-block-gallery-is-layout-flex\"><\/figure>\n\n\n\n<p><\/p>\n<\/div>\n\n\n\n<div class=\"wp-block-column is-layout-flow wp-block-column-is-layout-flow\">\n<figure class=\"wp-block-gallery has-nested-images columns-default is-cropped wp-block-gallery-4 is-layout-flex wp-block-gallery-is-layout-flex\"><\/figure>\n\n\n\n<p><\/p>\n<\/div>\n<\/div>\n","protected":false},"excerpt":{"rendered":"<p>LA CLEF DECAMP La Clef Decamp est une agence sp\u00e9cialis\u00e9e dans la location de g\u00eetes de charme. Nous proposons des s\u00e9jours authentiques et confortables dans une quarantaine de g\u00eetes soigneusement s\u00e9lectionn\u00e9s. Nos h\u00e9bergements sont situ\u00e9s dans des r\u00e9gions pleines de charme : le Sud Manche, le Nord Cotentin, Amiens, La Baule et Biot. Un service [&hellip;]<\/p>\n","protected":false},"author":1,"featured_media":0,"parent":0,"menu_order":0,"comment_status":"closed","ping_status":"closed","template":"","meta":{"site-sidebar-layout":"default","site-content-layout":"","ast-site-content-layout":"","site-content-style":"default","site-sidebar-style":"default","ast-global-header-display":"","ast-banner-title-visibility":"","ast-main-header-display":"","ast-hfb-above-header-display":"","ast-hfb-below-header-display":"","ast-hfb-mobile-header-display":"","site-post-title":"disabled","ast-breadcrumbs-content":"","ast-featured-img":"","footer-sml-layout":"","theme-transparent-header-meta":"","adv-header-id-meta":"","stick-header-meta":"","header-above-stick-meta":"","header-main-stick-meta":"","header-below-stick-meta":"","astra-migrate-meta-layouts":"default","ast-page-background-enabled":"default","ast-page-background-meta":{"desktop":{"background-color":"var(--ast-global-color-4)","background-image":"","background-repeat":"repeat","background-position":"center center","background-size":"auto","background-attachment":"scroll","background-type":"","background-media":"","overlay-type":"","overlay-color":"","overlay-gradient":""},"tablet":{"background-color":"","background-image":"","background-repeat":"repeat","background-position":"center center","background-size":"auto","background-attachment":"scroll","background-type":"","background-media":"","overlay-type":"","overlay-color":"","overlay-gradient":""},"mobile":{"background-color":"","background-image":"","background-repeat":"repeat","background-position":"center center","background-size":"auto","background-attachment":"scroll","background-type":"","background-media":"","overlay-type":"","overlay-color":"","overlay-gradient":""}},"ast-content-background-meta":{"desktop":{"background-color":"var(--ast-global-color-5)","background-image":"","background-repeat":"repeat","background-position":"center center","background-size":"auto","background-attachment":"scroll","background-type":"","background-media":"","overlay-type":"","overlay-color":"","overlay-gradient":""},"tablet":{"background-color":"var(--ast-global-color-5)","background-image":"","background-repeat":"repeat","background-position":"center center","background-size":"auto","background-attachment":"scroll","background-type":"","background-media":"","overlay-type":"","overlay-color":"","overlay-gradient":""},"mobile":{"background-color":"var(--ast-global-color-5)","background-image":"","background-repeat":"repeat","background-position":"center center","background-size":"auto","background-attachment":"scroll","background-type":"","background-media":"","overlay-type":"","overlay-color":"","overlay-gradient":""}},"footnotes":""},"class_list":["post-872","page","type-page","status-publish","hentry"],"yoast_head":"<!-- This site is optimized with the Yoast SEO plugin v27.4 - https:\/\/yoast.com\/product\/yoast-seo-wordpress\/ -->\n<title>Partenaires Locaux - L&#039;Usine PAINTBALL- AIRSOFT<\/title>\n<meta name=\"description\" content=\"Centre de Paintball de 5000m\u00b2 sur 4 \u00e9tages, 10 000 m\u00b2 de terrains ext\u00e9rieurs. Situ\u00e9 \u00e0 30 minutes de St L\u00f4, Vire, Avranches et Granville.\" \/>\n<meta name=\"robots\" content=\"index, follow, max-snippet:-1, max-image-preview:large, max-video-preview:-1\" \/>\n<link rel=\"canonical\" href=\"https:\/\/usinepaintballpercy.com\/index.php\/partenaires-locaux\/\" \/>\n<meta property=\"og:locale\" content=\"fr_FR\" \/>\n<meta property=\"og:type\" content=\"article\" \/>\n<meta property=\"og:title\" content=\"Partenaires Locaux - L&#039;Usine PAINTBALL- AIRSOFT\" \/>\n<meta property=\"og:description\" content=\"Centre de Paintball de 5000m\u00b2 sur 4 \u00e9tages, 10 000 m\u00b2 de terrains ext\u00e9rieurs. Situ\u00e9 \u00e0 30 minutes de St L\u00f4, Vire, Avranches et Granville.\" \/>\n<meta property=\"og:url\" content=\"https:\/\/usinepaintballpercy.com\/index.php\/partenaires-locaux\/\" \/>\n<meta property=\"og:site_name\" content=\"L&#039;Usine PAINTBALL- AIRSOFT\" \/>\n<meta property=\"article:publisher\" content=\"https:\/\/www.facebook.com\/UsinePaintballPercy\/\" \/>\n<meta property=\"article:modified_time\" content=\"2025-04-13T08:28:46+00:00\" \/>\n<meta property=\"og:image\" content=\"https:\/\/usinepaintballpercy.com\/wp-content\/uploads\/2024\/01\/site_essai-1.jpg\" \/>\n\t<meta property=\"og:image:width\" content=\"1065\" \/>\n\t<meta property=\"og:image:height\" content=\"654\" \/>\n\t<meta property=\"og:image:type\" content=\"image\/jpeg\" \/>\n<meta name=\"twitter:card\" content=\"summary_large_image\" \/>\n<meta name=\"twitter:label1\" content=\"Dur\u00e9e de lecture estim\u00e9e\" \/>\n\t<meta name=\"twitter:data1\" content=\"1 minute\" \/>\n<script type=\"application\/ld+json\" class=\"yoast-schema-graph\">{\"@context\":\"https:\\\/\\\/schema.org\",\"@graph\":[{\"@type\":\"WebPage\",\"@id\":\"https:\\\/\\\/usinepaintballpercy.com\\\/index.php\\\/partenaires-locaux\\\/\",\"url\":\"https:\\\/\\\/usinepaintballpercy.com\\\/index.php\\\/partenaires-locaux\\\/\",\"name\":\"Partenaires Locaux - L&#039;Usine PAINTBALL- AIRSOFT\",\"isPartOf\":{\"@id\":\"https:\\\/\\\/usinepaintballpercy.com\\\/#website\"},\"primaryImageOfPage\":{\"@id\":\"https:\\\/\\\/usinepaintballpercy.com\\\/index.php\\\/partenaires-locaux\\\/#primaryimage\"},\"image\":{\"@id\":\"https:\\\/\\\/usinepaintballpercy.com\\\/index.php\\\/partenaires-locaux\\\/#primaryimage\"},\"thumbnailUrl\":\"http:\\\/\\\/usinepaintballpercy.com\\\/wp-content\\\/uploads\\\/2024\\\/01\\\/site_essai-1.jpg\",\"datePublished\":\"2025-04-13T07:59:21+00:00\",\"dateModified\":\"2025-04-13T08:28:46+00:00\",\"description\":\"Centre de Paintball de 5000m\u00b2 sur 4 \u00e9tages, 10 000 m\u00b2 de terrains ext\u00e9rieurs. Situ\u00e9 \u00e0 30 minutes de St L\u00f4, Vire, Avranches et Granville.\",\"breadcrumb\":{\"@id\":\"https:\\\/\\\/usinepaintballpercy.com\\\/index.php\\\/partenaires-locaux\\\/#breadcrumb\"},\"inLanguage\":\"fr-FR\",\"potentialAction\":[{\"@type\":\"ReadAction\",\"target\":[\"https:\\\/\\\/usinepaintballpercy.com\\\/index.php\\\/partenaires-locaux\\\/\"]}]},{\"@type\":\"ImageObject\",\"inLanguage\":\"fr-FR\",\"@id\":\"https:\\\/\\\/usinepaintballpercy.com\\\/index.php\\\/partenaires-locaux\\\/#primaryimage\",\"url\":\"https:\\\/\\\/usinepaintballpercy.com\\\/wp-content\\\/uploads\\\/2024\\\/01\\\/site_essai-1.jpg\",\"contentUrl\":\"https:\\\/\\\/usinepaintballpercy.com\\\/wp-content\\\/uploads\\\/2024\\\/01\\\/site_essai-1.jpg\",\"width\":1065,\"height\":654},{\"@type\":\"BreadcrumbList\",\"@id\":\"https:\\\/\\\/usinepaintballpercy.com\\\/index.php\\\/partenaires-locaux\\\/#breadcrumb\",\"itemListElement\":[{\"@type\":\"ListItem\",\"position\":1,\"name\":\"Accueil\",\"item\":\"https:\\\/\\\/usinepaintballpercy.com\\\/\"},{\"@type\":\"ListItem\",\"position\":2,\"name\":\"Partenaires Locaux\"}]},{\"@type\":\"WebSite\",\"@id\":\"https:\\\/\\\/usinepaintballpercy.com\\\/#website\",\"url\":\"https:\\\/\\\/usinepaintballpercy.com\\\/\",\"name\":\"L'Usine PAINTBALL- AIRSOFT\",\"description\":\"L&#039;Usine PAINTBALL- AIRSOFT Percy en Normandie\",\"publisher\":{\"@id\":\"https:\\\/\\\/usinepaintballpercy.com\\\/#organization\"},\"potentialAction\":[{\"@type\":\"SearchAction\",\"target\":{\"@type\":\"EntryPoint\",\"urlTemplate\":\"https:\\\/\\\/usinepaintballpercy.com\\\/?s={search_term_string}\"},\"query-input\":{\"@type\":\"PropertyValueSpecification\",\"valueRequired\":true,\"valueName\":\"search_term_string\"}}],\"inLanguage\":\"fr-FR\"},{\"@type\":\"Organization\",\"@id\":\"https:\\\/\\\/usinepaintballpercy.com\\\/#organization\",\"name\":\"L'Usine PAINTBALL- AIRSOFT\",\"url\":\"https:\\\/\\\/usinepaintballpercy.com\\\/\",\"logo\":{\"@type\":\"ImageObject\",\"inLanguage\":\"fr-FR\",\"@id\":\"https:\\\/\\\/usinepaintballpercy.com\\\/#\\\/schema\\\/logo\\\/image\\\/\",\"url\":\"https:\\\/\\\/usinepaintballpercy.com\\\/wp-content\\\/uploads\\\/2023\\\/12\\\/cropped-cropped-LOGO_CCPPRR_122023_V1-2-1.jpg\",\"contentUrl\":\"https:\\\/\\\/usinepaintballpercy.com\\\/wp-content\\\/uploads\\\/2023\\\/12\\\/cropped-cropped-LOGO_CCPPRR_122023_V1-2-1.jpg\",\"width\":958,\"height\":1158,\"caption\":\"L'Usine PAINTBALL- AIRSOFT\"},\"image\":{\"@id\":\"https:\\\/\\\/usinepaintballpercy.com\\\/#\\\/schema\\\/logo\\\/image\\\/\"},\"sameAs\":[\"https:\\\/\\\/www.facebook.com\\\/UsinePaintballPercy\\\/\",\"https:\\\/\\\/www.instagram.com\\\/usinepaintballpercy\\\/\"]}]}<\/script>\n<!-- \/ Yoast SEO plugin. -->","yoast_head_json":{"title":"Partenaires Locaux - L&#039;Usine PAINTBALL- AIRSOFT","description":"Centre de Paintball de 5000m\u00b2 sur 4 \u00e9tages, 10 000 m\u00b2 de terrains ext\u00e9rieurs. Situ\u00e9 \u00e0 30 minutes de St L\u00f4, Vire, Avranches et Granville.","robots":{"index":"index","follow":"follow","max-snippet":"max-snippet:-1","max-image-preview":"max-image-preview:large","max-video-preview":"max-video-preview:-1"},"canonical":"https:\/\/usinepaintballpercy.com\/index.php\/partenaires-locaux\/","og_locale":"fr_FR","og_type":"article","og_title":"Partenaires Locaux - L&#039;Usine PAINTBALL- AIRSOFT","og_description":"Centre de Paintball de 5000m\u00b2 sur 4 \u00e9tages, 10 000 m\u00b2 de terrains ext\u00e9rieurs. Situ\u00e9 \u00e0 30 minutes de St L\u00f4, Vire, Avranches et Granville.","og_url":"https:\/\/usinepaintballpercy.com\/index.php\/partenaires-locaux\/","og_site_name":"L&#039;Usine PAINTBALL- AIRSOFT","article_publisher":"https:\/\/www.facebook.com\/UsinePaintballPercy\/","article_modified_time":"2025-04-13T08:28:46+00:00","og_image":[{"width":1065,"height":654,"url":"https:\/\/usinepaintballpercy.com\/wp-content\/uploads\/2024\/01\/site_essai-1.jpg","type":"image\/jpeg"}],"twitter_card":"summary_large_image","twitter_misc":{"Dur\u00e9e de lecture estim\u00e9e":"1 minute"},"schema":{"@context":"https:\/\/schema.org","@graph":[{"@type":"WebPage","@id":"https:\/\/usinepaintballpercy.com\/index.php\/partenaires-locaux\/","url":"https:\/\/usinepaintballpercy.com\/index.php\/partenaires-locaux\/","name":"Partenaires Locaux - L&#039;Usine PAINTBALL- AIRSOFT","isPartOf":{"@id":"https:\/\/usinepaintballpercy.com\/#website"},"primaryImageOfPage":{"@id":"https:\/\/usinepaintballpercy.com\/index.php\/partenaires-locaux\/#primaryimage"},"image":{"@id":"https:\/\/usinepaintballpercy.com\/index.php\/partenaires-locaux\/#primaryimage"},"thumbnailUrl":"http:\/\/usinepaintballpercy.com\/wp-content\/uploads\/2024\/01\/site_essai-1.jpg","datePublished":"2025-04-13T07:59:21+00:00","dateModified":"2025-04-13T08:28:46+00:00","description":"Centre de Paintball de 5000m\u00b2 sur 4 \u00e9tages, 10 000 m\u00b2 de terrains ext\u00e9rieurs. Situ\u00e9 \u00e0 30 minutes de St L\u00f4, Vire, Avranches et Granville.","breadcrumb":{"@id":"https:\/\/usinepaintballpercy.com\/index.php\/partenaires-locaux\/#breadcrumb"},"inLanguage":"fr-FR","potentialAction":[{"@type":"ReadAction","target":["https:\/\/usinepaintballpercy.com\/index.php\/partenaires-locaux\/"]}]},{"@type":"ImageObject","inLanguage":"fr-FR","@id":"https:\/\/usinepaintballpercy.com\/index.php\/partenaires-locaux\/#primaryimage","url":"https:\/\/usinepaintballpercy.com\/wp-content\/uploads\/2024\/01\/site_essai-1.jpg","contentUrl":"https:\/\/usinepaintballpercy.com\/wp-content\/uploads\/2024\/01\/site_essai-1.jpg","width":1065,"height":654},{"@type":"BreadcrumbList","@id":"https:\/\/usinepaintballpercy.com\/index.php\/partenaires-locaux\/#breadcrumb","itemListElement":[{"@type":"ListItem","position":1,"name":"Accueil","item":"https:\/\/usinepaintballpercy.com\/"},{"@type":"ListItem","position":2,"name":"Partenaires Locaux"}]},{"@type":"WebSite","@id":"https:\/\/usinepaintballpercy.com\/#website","url":"https:\/\/usinepaintballpercy.com\/","name":"L'Usine PAINTBALL- AIRSOFT","description":"L&#039;Usine PAINTBALL- AIRSOFT Percy en Normandie","publisher":{"@id":"https:\/\/usinepaintballpercy.com\/#organization"},"potentialAction":[{"@type":"SearchAction","target":{"@type":"EntryPoint","urlTemplate":"https:\/\/usinepaintballpercy.com\/?s={search_term_string}"},"query-input":{"@type":"PropertyValueSpecification","valueRequired":true,"valueName":"search_term_string"}}],"inLanguage":"fr-FR"},{"@type":"Organization","@id":"https:\/\/usinepaintballpercy.com\/#organization","name":"L'Usine PAINTBALL- AIRSOFT","url":"https:\/\/usinepaintballpercy.com\/","logo":{"@type":"ImageObject","inLanguage":"fr-FR","@id":"https:\/\/usinepaintballpercy.com\/#\/schema\/logo\/image\/","url":"https:\/\/usinepaintballpercy.com\/wp-content\/uploads\/2023\/12\/cropped-cropped-LOGO_CCPPRR_122023_V1-2-1.jpg","contentUrl":"https:\/\/usinepaintballpercy.com\/wp-content\/uploads\/2023\/12\/cropped-cropped-LOGO_CCPPRR_122023_V1-2-1.jpg","width":958,"height":1158,"caption":"L'Usine PAINTBALL- AIRSOFT"},"image":{"@id":"https:\/\/usinepaintballpercy.com\/#\/schema\/logo\/image\/"},"sameAs":["https:\/\/www.facebook.com\/UsinePaintballPercy\/","https:\/\/www.instagram.com\/usinepaintballpercy\/"]}]}},"_links":{"self":[{"href":"https:\/\/usinepaintballpercy.com\/index.php\/wp-json\/wp\/v2\/pages\/872","targetHints":{"allow":["GET"]}}],"collection":[{"href":"https:\/\/usinepaintballpercy.com\/index.php\/wp-json\/wp\/v2\/pages"}],"about":[{"href":"https:\/\/usinepaintballpercy.com\/index.php\/wp-json\/wp\/v2\/types\/page"}],"author":[{"embeddable":true,"href":"https:\/\/usinepaintballpercy.com\/index.php\/wp-json\/wp\/v2\/users\/1"}],"replies":[{"embeddable":true,"href":"https:\/\/usinepaintballpercy.com\/index.php\/wp-json\/wp\/v2\/comments?post=872"}],"version-history":[{"count":7,"href":"https:\/\/usinepaintballpercy.com\/index.php\/wp-json\/wp\/v2\/pages\/872\/revisions"}],"predecessor-version":[{"id":899,"href":"https:\/\/usinepaintballpercy.com\/index.php\/wp-json\/wp\/v2\/pages\/872\/revisions\/899"}],"wp:attachment":[{"href":"https:\/\/usinepaintballpercy.com\/index.php\/wp-json\/wp\/v2\/media?parent=872"}],"curies":[{"name":"wp","href":"https:\/\/api.w.org\/{rel}","templated":true}]}}