{"id":691,"date":"2024-09-17T16:30:50","date_gmt":"2024-09-17T14:30:50","guid":{"rendered":"https:\/\/usinepaintballpercy.com\/?page_id=691"},"modified":"2024-10-12T23:08:14","modified_gmt":"2024-10-12T21:08:14","slug":"airsoft","status":"publish","type":"page","link":"https:\/\/usinepaintballpercy.com\/index.php\/airsoft\/","title":{"rendered":"Airsoft"},"content":{"rendered":"\n<div class=\"wp-block-cover\"><span aria-hidden=\"true\" class=\"wp-block-cover__background has-ast-global-color-4-background-color has-background-dim\"><\/span><img fetchpriority=\"high\" decoding=\"async\" width=\"1065\" height=\"654\" class=\"wp-block-cover__image-background wp-image-122\" alt=\"\" src=\"http:\/\/usinepaintballpercy.com\/wp-content\/uploads\/2024\/01\/site_essai-1.jpg\" data-object-fit=\"cover\" srcset=\"https:\/\/usinepaintballpercy.com\/wp-content\/uploads\/2024\/01\/site_essai-1.jpg 1065w, https:\/\/usinepaintballpercy.com\/wp-content\/uploads\/2024\/01\/site_essai-1-300x184.jpg 300w, https:\/\/usinepaintballpercy.com\/wp-content\/uploads\/2024\/01\/site_essai-1-1024x629.jpg 1024w, https:\/\/usinepaintballpercy.com\/wp-content\/uploads\/2024\/01\/site_essai-1-768x472.jpg 768w\" sizes=\"(max-width: 1065px) 100vw, 1065px\" \/><div class=\"wp-block-cover__inner-container is-layout-constrained wp-block-cover-is-layout-constrained\">\n<h2 class=\"wp-block-heading has-text-align-center\" style=\"font-size:80px;text-transform:none\"><mark style=\"background-color:rgba(0, 0, 0, 0)\" class=\"has-inline-color has-ast-global-color-7-color\">Airsoft<\/mark><\/h2>\n<\/div><\/div>\n\n\n\n<p><\/p>\n\n\n\n<p style=\"font-size:25px;text-transform:none\">Concernant l&rsquo;Airsoft \u00e0 l&rsquo;Usine, nous vous offrons deux possibilit\u00e9s :<\/p>\n\n\n\n<ol class=\"wp-block-list\">\n<li style=\"font-size:25px;text-transform:none\"> Soit adh\u00e9rer \u00e0 la <a href=\"https:\/\/www.facebook.com\/UsinePaintballPercy\/photos\">page Facebook<\/a> et suivre les parties que nous organisons pour vous y inscrire d\u00e8s l&rsquo;ouverture des places. \n<ul class=\"wp-block-list\">\n<li style=\"font-size:25px;text-transform:none\">Ces \u00e9v\u00e8nements sont en g\u00e9n\u00e9ral limit\u00e9s \u00e0 <strong>50 joueurs,<\/strong> et <strong>r\u00e9serv\u00e9s aux personnes majeures<\/strong>.<\/li>\n\n\n\n<li style=\"font-size:25px;text-transform:none\">Les prix sont de <strong>29 \u20ac<\/strong> par joueur pour un \u00e9v\u00e8nement sur un week-end avec nocturne le samedi soir et zone hors jeu pour bivouaquer, <\/li>\n\n\n\n<li style=\"font-size:25px;text-transform:none\">Et <strong>17 \u20ac<\/strong> pour les \u00e9v\u00e8nements d&rsquo;une journ\u00e9e.<br><br><\/li>\n<\/ul>\n<\/li>\n\n\n\n<li style=\"font-size:25px;text-transform:none\">Soit vous rapporter aux tarifs \u00ab\u00a0<a href=\"https:\/\/usinepaintballpercy.com\/index.php\/location-privatisation\/\">location\/privatisation du site<\/a>\u00a0\u00bb et louer le site entre amis, associations, famille, coll\u00e8gues&#8230; et organiser vos propres parties.\n<ul class=\"wp-block-list\">\n<li style=\"font-size:25px;text-transform:none\">Le prix de la location du site est \u00e0 diviser entre le nombre de participants : Plus vous serez nombreux, moins ce vous sera on\u00e9reux \ud83d\ude00<br><\/li>\n<\/ul>\n<\/li>\n<\/ol>\n\n\n\n<figure class=\"wp-block-image alignfull size-large\"><img decoding=\"async\" width=\"1728\" height=\"972\" src=\"https:\/\/usinepaintballpercy.com\/wp-content\/uploads\/2024\/09\/279485069_1418605451894400_6392439471219978414_n-edited.jpg\" alt=\"illustration airsoft\" class=\"wp-image-717\" srcset=\"https:\/\/usinepaintballpercy.com\/wp-content\/uploads\/2024\/09\/279485069_1418605451894400_6392439471219978414_n-edited.jpg 1728w, https:\/\/usinepaintballpercy.com\/wp-content\/uploads\/2024\/09\/279485069_1418605451894400_6392439471219978414_n-edited-300x169.jpg 300w, https:\/\/usinepaintballpercy.com\/wp-content\/uploads\/2024\/09\/279485069_1418605451894400_6392439471219978414_n-edited-1024x576.jpg 1024w, https:\/\/usinepaintballpercy.com\/wp-content\/uploads\/2024\/09\/279485069_1418605451894400_6392439471219978414_n-edited-768x432.jpg 768w, https:\/\/usinepaintballpercy.com\/wp-content\/uploads\/2024\/09\/279485069_1418605451894400_6392439471219978414_n-edited-1536x864.jpg 1536w\" sizes=\"(max-width: 1728px) 100vw, 1728px\" \/><\/figure>\n","protected":false},"excerpt":{"rendered":"<p>Concernant l&rsquo;Airsoft \u00e0 l&rsquo;Usine, nous vous offrons deux possibilit\u00e9s :<\/p>\n","protected":false},"author":1,"featured_media":0,"parent":0,"menu_order":0,"comment_status":"closed","ping_status":"closed","template":"","meta":{"site-sidebar-layout":"default","site-content-layout":"","ast-site-content-layout":"","site-content-style":"default","site-sidebar-style":"default","ast-global-header-display":"","ast-banner-title-visibility":"","ast-main-header-display":"","ast-hfb-above-header-display":"","ast-hfb-below-header-display":"","ast-hfb-mobile-header-display":"","site-post-title":"disabled","ast-breadcrumbs-content":"","ast-featured-img":"","footer-sml-layout":"","theme-transparent-header-meta":"","adv-header-id-meta":"","stick-header-meta":"","header-above-stick-meta":"","header-main-stick-meta":"","header-below-stick-meta":"","astra-migrate-meta-layouts":"default","ast-page-background-enabled":"default","ast-page-background-meta":{"desktop":{"background-color":"var(--ast-global-color-4)","background-image":"","background-repeat":"repeat","background-position":"center center","background-size":"auto","background-attachment":"scroll","background-type":"","background-media":"","overlay-type":"","overlay-color":"","overlay-gradient":""},"tablet":{"background-color":"","background-image":"","background-repeat":"repeat","background-position":"center center","background-size":"auto","background-attachment":"scroll","background-type":"","background-media":"","overlay-type":"","overlay-color":"","overlay-gradient":""},"mobile":{"background-color":"","background-image":"","background-repeat":"repeat","background-position":"center center","background-size":"auto","background-attachment":"scroll","background-type":"","background-media":"","overlay-type":"","overlay-color":"","overlay-gradient":""}},"ast-content-background-meta":{"desktop":{"background-color":"var(--ast-global-color-5)","background-image":"","background-repeat":"repeat","background-position":"center center","background-size":"auto","background-attachment":"scroll","background-type":"","background-media":"","overlay-type":"","overlay-color":"","overlay-gradient":""},"tablet":{"background-color":"var(--ast-global-color-5)","background-image":"","background-repeat":"repeat","background-position":"center center","background-size":"auto","background-attachment":"scroll","background-type":"","background-media":"","overlay-type":"","overlay-color":"","overlay-gradient":""},"mobile":{"background-color":"var(--ast-global-color-5)","background-image":"","background-repeat":"repeat","background-position":"center center","background-size":"auto","background-attachment":"scroll","background-type":"","background-media":"","overlay-type":"","overlay-color":"","overlay-gradient":""}},"footnotes":""},"class_list":["post-691","page","type-page","status-publish","hentry"],"yoast_head":"<!-- This site is optimized with the Yoast SEO plugin v27.3 - https:\/\/yoast.com\/product\/yoast-seo-wordpress\/ -->\n<title>Airsoft - L&#039;Usine PAINTBALL- AIRSOFT<\/title>\n<meta name=\"description\" content=\"Centre de Paintball de 5000m\u00b2 sur 4 \u00e9tages, 10 000 m\u00b2 de terrains ext\u00e9rieurs. Situ\u00e9 \u00e0 30 minutes de St L\u00f4, Vire, Avranches et Granville.\" \/>\n<meta name=\"robots\" content=\"index, follow, max-snippet:-1, max-image-preview:large, max-video-preview:-1\" \/>\n<link rel=\"canonical\" href=\"https:\/\/usinepaintballpercy.com\/index.php\/airsoft\/\" \/>\n<meta property=\"og:locale\" content=\"fr_FR\" \/>\n<meta property=\"og:type\" content=\"article\" \/>\n<meta property=\"og:title\" content=\"Airsoft - L&#039;Usine PAINTBALL- AIRSOFT\" \/>\n<meta property=\"og:description\" content=\"Centre de Paintball de 5000m\u00b2 sur 4 \u00e9tages, 10 000 m\u00b2 de terrains ext\u00e9rieurs. Situ\u00e9 \u00e0 30 minutes de St L\u00f4, Vire, Avranches et Granville.\" \/>\n<meta property=\"og:url\" content=\"https:\/\/usinepaintballpercy.com\/index.php\/airsoft\/\" \/>\n<meta property=\"og:site_name\" content=\"L&#039;Usine PAINTBALL- AIRSOFT\" \/>\n<meta property=\"article:publisher\" content=\"https:\/\/www.facebook.com\/UsinePaintballPercy\/\" \/>\n<meta property=\"article:modified_time\" content=\"2024-10-12T21:08:14+00:00\" \/>\n<meta property=\"og:image\" content=\"https:\/\/usinepaintballpercy.com\/wp-content\/uploads\/2024\/01\/site_essai-1.jpg\" \/>\n\t<meta property=\"og:image:width\" content=\"1065\" \/>\n\t<meta property=\"og:image:height\" content=\"654\" \/>\n\t<meta property=\"og:image:type\" content=\"image\/jpeg\" \/>\n<meta name=\"twitter:card\" content=\"summary_large_image\" \/>\n<meta name=\"twitter:label1\" content=\"Dur\u00e9e de lecture estim\u00e9e\" \/>\n\t<meta name=\"twitter:data1\" content=\"2 minutes\" \/>\n<script type=\"application\/ld+json\" class=\"yoast-schema-graph\">{\"@context\":\"https:\\\/\\\/schema.org\",\"@graph\":[{\"@type\":\"WebPage\",\"@id\":\"https:\\\/\\\/usinepaintballpercy.com\\\/index.php\\\/airsoft\\\/\",\"url\":\"https:\\\/\\\/usinepaintballpercy.com\\\/index.php\\\/airsoft\\\/\",\"name\":\"Airsoft - L&#039;Usine PAINTBALL- AIRSOFT\",\"isPartOf\":{\"@id\":\"https:\\\/\\\/usinepaintballpercy.com\\\/#website\"},\"primaryImageOfPage\":{\"@id\":\"https:\\\/\\\/usinepaintballpercy.com\\\/index.php\\\/airsoft\\\/#primaryimage\"},\"image\":{\"@id\":\"https:\\\/\\\/usinepaintballpercy.com\\\/index.php\\\/airsoft\\\/#primaryimage\"},\"thumbnailUrl\":\"http:\\\/\\\/usinepaintballpercy.com\\\/wp-content\\\/uploads\\\/2024\\\/01\\\/site_essai-1.jpg\",\"datePublished\":\"2024-09-17T14:30:50+00:00\",\"dateModified\":\"2024-10-12T21:08:14+00:00\",\"description\":\"Centre de Paintball de 5000m\u00b2 sur 4 \u00e9tages, 10 000 m\u00b2 de terrains ext\u00e9rieurs. Situ\u00e9 \u00e0 30 minutes de St L\u00f4, Vire, Avranches et Granville.\",\"breadcrumb\":{\"@id\":\"https:\\\/\\\/usinepaintballpercy.com\\\/index.php\\\/airsoft\\\/#breadcrumb\"},\"inLanguage\":\"fr-FR\",\"potentialAction\":[{\"@type\":\"ReadAction\",\"target\":[\"https:\\\/\\\/usinepaintballpercy.com\\\/index.php\\\/airsoft\\\/\"]}]},{\"@type\":\"ImageObject\",\"inLanguage\":\"fr-FR\",\"@id\":\"https:\\\/\\\/usinepaintballpercy.com\\\/index.php\\\/airsoft\\\/#primaryimage\",\"url\":\"https:\\\/\\\/usinepaintballpercy.com\\\/wp-content\\\/uploads\\\/2024\\\/01\\\/site_essai-1.jpg\",\"contentUrl\":\"https:\\\/\\\/usinepaintballpercy.com\\\/wp-content\\\/uploads\\\/2024\\\/01\\\/site_essai-1.jpg\",\"width\":1065,\"height\":654},{\"@type\":\"BreadcrumbList\",\"@id\":\"https:\\\/\\\/usinepaintballpercy.com\\\/index.php\\\/airsoft\\\/#breadcrumb\",\"itemListElement\":[{\"@type\":\"ListItem\",\"position\":1,\"name\":\"Accueil\",\"item\":\"https:\\\/\\\/usinepaintballpercy.com\\\/\"},{\"@type\":\"ListItem\",\"position\":2,\"name\":\"Airsoft\"}]},{\"@type\":\"WebSite\",\"@id\":\"https:\\\/\\\/usinepaintballpercy.com\\\/#website\",\"url\":\"https:\\\/\\\/usinepaintballpercy.com\\\/\",\"name\":\"L'Usine PAINTBALL- AIRSOFT\",\"description\":\"L&#039;Usine PAINTBALL- AIRSOFT Percy en Normandie\",\"publisher\":{\"@id\":\"https:\\\/\\\/usinepaintballpercy.com\\\/#organization\"},\"potentialAction\":[{\"@type\":\"SearchAction\",\"target\":{\"@type\":\"EntryPoint\",\"urlTemplate\":\"https:\\\/\\\/usinepaintballpercy.com\\\/?s={search_term_string}\"},\"query-input\":{\"@type\":\"PropertyValueSpecification\",\"valueRequired\":true,\"valueName\":\"search_term_string\"}}],\"inLanguage\":\"fr-FR\"},{\"@type\":\"Organization\",\"@id\":\"https:\\\/\\\/usinepaintballpercy.com\\\/#organization\",\"name\":\"L'Usine PAINTBALL- AIRSOFT\",\"url\":\"https:\\\/\\\/usinepaintballpercy.com\\\/\",\"logo\":{\"@type\":\"ImageObject\",\"inLanguage\":\"fr-FR\",\"@id\":\"https:\\\/\\\/usinepaintballpercy.com\\\/#\\\/schema\\\/logo\\\/image\\\/\",\"url\":\"https:\\\/\\\/usinepaintballpercy.com\\\/wp-content\\\/uploads\\\/2023\\\/12\\\/cropped-cropped-LOGO_CCPPRR_122023_V1-2-1.jpg\",\"contentUrl\":\"https:\\\/\\\/usinepaintballpercy.com\\\/wp-content\\\/uploads\\\/2023\\\/12\\\/cropped-cropped-LOGO_CCPPRR_122023_V1-2-1.jpg\",\"width\":958,\"height\":1158,\"caption\":\"L'Usine PAINTBALL- AIRSOFT\"},\"image\":{\"@id\":\"https:\\\/\\\/usinepaintballpercy.com\\\/#\\\/schema\\\/logo\\\/image\\\/\"},\"sameAs\":[\"https:\\\/\\\/www.facebook.com\\\/UsinePaintballPercy\\\/\",\"https:\\\/\\\/www.instagram.com\\\/usinepaintballpercy\\\/\"]}]}<\/script>\n<!-- \/ Yoast SEO plugin. -->","yoast_head_json":{"title":"Airsoft - L&#039;Usine PAINTBALL- AIRSOFT","description":"Centre de Paintball de 5000m\u00b2 sur 4 \u00e9tages, 10 000 m\u00b2 de terrains ext\u00e9rieurs. Situ\u00e9 \u00e0 30 minutes de St L\u00f4, Vire, Avranches et Granville.","robots":{"index":"index","follow":"follow","max-snippet":"max-snippet:-1","max-image-preview":"max-image-preview:large","max-video-preview":"max-video-preview:-1"},"canonical":"https:\/\/usinepaintballpercy.com\/index.php\/airsoft\/","og_locale":"fr_FR","og_type":"article","og_title":"Airsoft - L&#039;Usine PAINTBALL- AIRSOFT","og_description":"Centre de Paintball de 5000m\u00b2 sur 4 \u00e9tages, 10 000 m\u00b2 de terrains ext\u00e9rieurs. Situ\u00e9 \u00e0 30 minutes de St L\u00f4, Vire, Avranches et Granville.","og_url":"https:\/\/usinepaintballpercy.com\/index.php\/airsoft\/","og_site_name":"L&#039;Usine PAINTBALL- AIRSOFT","article_publisher":"https:\/\/www.facebook.com\/UsinePaintballPercy\/","article_modified_time":"2024-10-12T21:08:14+00:00","og_image":[{"width":1065,"height":654,"url":"https:\/\/usinepaintballpercy.com\/wp-content\/uploads\/2024\/01\/site_essai-1.jpg","type":"image\/jpeg"}],"twitter_card":"summary_large_image","twitter_misc":{"Dur\u00e9e de lecture estim\u00e9e":"2 minutes"},"schema":{"@context":"https:\/\/schema.org","@graph":[{"@type":"WebPage","@id":"https:\/\/usinepaintballpercy.com\/index.php\/airsoft\/","url":"https:\/\/usinepaintballpercy.com\/index.php\/airsoft\/","name":"Airsoft - L&#039;Usine PAINTBALL- AIRSOFT","isPartOf":{"@id":"https:\/\/usinepaintballpercy.com\/#website"},"primaryImageOfPage":{"@id":"https:\/\/usinepaintballpercy.com\/index.php\/airsoft\/#primaryimage"},"image":{"@id":"https:\/\/usinepaintballpercy.com\/index.php\/airsoft\/#primaryimage"},"thumbnailUrl":"http:\/\/usinepaintballpercy.com\/wp-content\/uploads\/2024\/01\/site_essai-1.jpg","datePublished":"2024-09-17T14:30:50+00:00","dateModified":"2024-10-12T21:08:14+00:00","description":"Centre de Paintball de 5000m\u00b2 sur 4 \u00e9tages, 10 000 m\u00b2 de terrains ext\u00e9rieurs. Situ\u00e9 \u00e0 30 minutes de St L\u00f4, Vire, Avranches et Granville.","breadcrumb":{"@id":"https:\/\/usinepaintballpercy.com\/index.php\/airsoft\/#breadcrumb"},"inLanguage":"fr-FR","potentialAction":[{"@type":"ReadAction","target":["https:\/\/usinepaintballpercy.com\/index.php\/airsoft\/"]}]},{"@type":"ImageObject","inLanguage":"fr-FR","@id":"https:\/\/usinepaintballpercy.com\/index.php\/airsoft\/#primaryimage","url":"https:\/\/usinepaintballpercy.com\/wp-content\/uploads\/2024\/01\/site_essai-1.jpg","contentUrl":"https:\/\/usinepaintballpercy.com\/wp-content\/uploads\/2024\/01\/site_essai-1.jpg","width":1065,"height":654},{"@type":"BreadcrumbList","@id":"https:\/\/usinepaintballpercy.com\/index.php\/airsoft\/#breadcrumb","itemListElement":[{"@type":"ListItem","position":1,"name":"Accueil","item":"https:\/\/usinepaintballpercy.com\/"},{"@type":"ListItem","position":2,"name":"Airsoft"}]},{"@type":"WebSite","@id":"https:\/\/usinepaintballpercy.com\/#website","url":"https:\/\/usinepaintballpercy.com\/","name":"L'Usine PAINTBALL- AIRSOFT","description":"L&#039;Usine PAINTBALL- AIRSOFT Percy en Normandie","publisher":{"@id":"https:\/\/usinepaintballpercy.com\/#organization"},"potentialAction":[{"@type":"SearchAction","target":{"@type":"EntryPoint","urlTemplate":"https:\/\/usinepaintballpercy.com\/?s={search_term_string}"},"query-input":{"@type":"PropertyValueSpecification","valueRequired":true,"valueName":"search_term_string"}}],"inLanguage":"fr-FR"},{"@type":"Organization","@id":"https:\/\/usinepaintballpercy.com\/#organization","name":"L'Usine PAINTBALL- AIRSOFT","url":"https:\/\/usinepaintballpercy.com\/","logo":{"@type":"ImageObject","inLanguage":"fr-FR","@id":"https:\/\/usinepaintballpercy.com\/#\/schema\/logo\/image\/","url":"https:\/\/usinepaintballpercy.com\/wp-content\/uploads\/2023\/12\/cropped-cropped-LOGO_CCPPRR_122023_V1-2-1.jpg","contentUrl":"https:\/\/usinepaintballpercy.com\/wp-content\/uploads\/2023\/12\/cropped-cropped-LOGO_CCPPRR_122023_V1-2-1.jpg","width":958,"height":1158,"caption":"L'Usine PAINTBALL- AIRSOFT"},"image":{"@id":"https:\/\/usinepaintballpercy.com\/#\/schema\/logo\/image\/"},"sameAs":["https:\/\/www.facebook.com\/UsinePaintballPercy\/","https:\/\/www.instagram.com\/usinepaintballpercy\/"]}]}},"_links":{"self":[{"href":"https:\/\/usinepaintballpercy.com\/index.php\/wp-json\/wp\/v2\/pages\/691","targetHints":{"allow":["GET"]}}],"collection":[{"href":"https:\/\/usinepaintballpercy.com\/index.php\/wp-json\/wp\/v2\/pages"}],"about":[{"href":"https:\/\/usinepaintballpercy.com\/index.php\/wp-json\/wp\/v2\/types\/page"}],"author":[{"embeddable":true,"href":"https:\/\/usinepaintballpercy.com\/index.php\/wp-json\/wp\/v2\/users\/1"}],"replies":[{"embeddable":true,"href":"https:\/\/usinepaintballpercy.com\/index.php\/wp-json\/wp\/v2\/comments?post=691"}],"version-history":[{"count":18,"href":"https:\/\/usinepaintballpercy.com\/index.php\/wp-json\/wp\/v2\/pages\/691\/revisions"}],"predecessor-version":[{"id":835,"href":"https:\/\/usinepaintballpercy.com\/index.php\/wp-json\/wp\/v2\/pages\/691\/revisions\/835"}],"wp:attachment":[{"href":"https:\/\/usinepaintballpercy.com\/index.php\/wp-json\/wp\/v2\/media?parent=691"}],"curies":[{"name":"wp","href":"https:\/\/api.w.org\/{rel}","templated":true}]}}