{"id":442,"date":"2024-09-08T10:37:39","date_gmt":"2024-09-08T08:37:39","guid":{"rendered":"https:\/\/usinepaintballpercy.com\/?page_id=442"},"modified":"2024-10-11T07:15:42","modified_gmt":"2024-10-11T05:15:42","slug":"location-privatisation","status":"publish","type":"page","link":"https:\/\/usinepaintballpercy.com\/index.php\/location-privatisation\/","title":{"rendered":"Tarifs Location \/ Privatisation"},"content":{"rendered":"\n<div class=\"wp-block-cover\"><span aria-hidden=\"true\" class=\"wp-block-cover__background has-ast-global-color-4-background-color has-background-dim\"><\/span><img fetchpriority=\"high\" decoding=\"async\" width=\"1065\" height=\"654\" class=\"wp-block-cover__image-background wp-image-122\" alt=\"\" src=\"http:\/\/usinepaintballpercy.com\/wp-content\/uploads\/2024\/01\/site_essai-1.jpg\" data-object-fit=\"cover\" srcset=\"https:\/\/usinepaintballpercy.com\/wp-content\/uploads\/2024\/01\/site_essai-1.jpg 1065w, https:\/\/usinepaintballpercy.com\/wp-content\/uploads\/2024\/01\/site_essai-1-300x184.jpg 300w, https:\/\/usinepaintballpercy.com\/wp-content\/uploads\/2024\/01\/site_essai-1-1024x629.jpg 1024w, https:\/\/usinepaintballpercy.com\/wp-content\/uploads\/2024\/01\/site_essai-1-768x472.jpg 768w\" sizes=\"(max-width: 1065px) 100vw, 1065px\" \/><div class=\"wp-block-cover__inner-container is-layout-constrained wp-block-cover-is-layout-constrained\">\n<h1 class=\"wp-block-heading has-text-align-center has-ast-global-color-7-color has-text-color has-link-color wp-elements-09d9fdde27fbb8eeec1f09e231d411a4\" style=\"font-size:80px;text-transform:none\">Tarifs Locations \/ Privatisation<\/h1>\n<\/div><\/div>\n\n\n\n<p><\/p>\n\n\n\n<p style=\"font-size:25px;text-transform:none\">Le site peut non seulement \u00eatre lou\u00e9 et\/ou privatis\u00e9 pour vos \u00e9v\u00e8nements paintball afin de vous en assurer l&rsquo;exclusivit\u00e9, mais aussi pour toute autre occasion ou \u00e9v\u00e8nement laiss\u00e9 \u00e0 votre envie et imagination (\u00e9v\u00e8nement airsoft entre amis ou association, comit\u00e9 d\u2019entreprise, tournage de clip, s\u00e9ances photos, escape games, \u00e9v\u00e8nement musical\u2026 Venez discuter de votre projet avec nous).<\/p>\n\n\n\n<p style=\"font-size:25px;text-transform:none\"><strong>Tarifs TTC 2025 :<\/strong><\/p>\n\n\n\n<figure class=\"wp-block-image aligncenter size-full is-resized\"><img decoding=\"async\" width=\"733\" height=\"1048\" src=\"https:\/\/usinepaintballpercy.com\/wp-content\/uploads\/2024\/09\/Location-site-2025-jpg.jpg\" alt=\"Tarifs Location \/ Privatisation du site\" class=\"wp-image-634\" style=\"width:1200px\" srcset=\"https:\/\/usinepaintballpercy.com\/wp-content\/uploads\/2024\/09\/Location-site-2025-jpg.jpg 733w, https:\/\/usinepaintballpercy.com\/wp-content\/uploads\/2024\/09\/Location-site-2025-jpg-210x300.jpg 210w, https:\/\/usinepaintballpercy.com\/wp-content\/uploads\/2024\/09\/Location-site-2025-jpg-716x1024.jpg 716w\" sizes=\"(max-width: 733px) 100vw, 733px\" \/><\/figure>\n\n\n\n<p><\/p>\n","protected":false},"excerpt":{"rendered":"<p>Le site peut non seulement \u00eatre lou\u00e9 et\/ou privatis\u00e9 pour vos \u00e9v\u00e8nements paintball afin de vous en assurer l&rsquo;exclusivit\u00e9, mais aussi pour toute autre occasion ou \u00e9v\u00e8nement laiss\u00e9 \u00e0 votre envie et imagination (\u00e9v\u00e8nement airsoft entre amis ou association, comit\u00e9 d\u2019entreprise, tournage de clip, s\u00e9ances photos, escape games, \u00e9v\u00e8nement musical\u2026 Venez discuter de votre projet [&hellip;]<\/p>\n","protected":false},"author":1,"featured_media":0,"parent":0,"menu_order":0,"comment_status":"closed","ping_status":"closed","template":"","meta":{"site-sidebar-layout":"default","site-content-layout":"","ast-site-content-layout":"","site-content-style":"default","site-sidebar-style":"default","ast-global-header-display":"","ast-banner-title-visibility":"","ast-main-header-display":"","ast-hfb-above-header-display":"","ast-hfb-below-header-display":"","ast-hfb-mobile-header-display":"","site-post-title":"disabled","ast-breadcrumbs-content":"","ast-featured-img":"","footer-sml-layout":"","theme-transparent-header-meta":"","adv-header-id-meta":"","stick-header-meta":"","header-above-stick-meta":"","header-main-stick-meta":"","header-below-stick-meta":"","astra-migrate-meta-layouts":"default","ast-page-background-enabled":"default","ast-page-background-meta":{"desktop":{"background-color":"var(--ast-global-color-4)","background-image":"","background-repeat":"repeat","background-position":"center center","background-size":"auto","background-attachment":"scroll","background-type":"","background-media":"","overlay-type":"","overlay-color":"","overlay-gradient":""},"tablet":{"background-color":"","background-image":"","background-repeat":"repeat","background-position":"center center","background-size":"auto","background-attachment":"scroll","background-type":"","background-media":"","overlay-type":"","overlay-color":"","overlay-gradient":""},"mobile":{"background-color":"","background-image":"","background-repeat":"repeat","background-position":"center center","background-size":"auto","background-attachment":"scroll","background-type":"","background-media":"","overlay-type":"","overlay-color":"","overlay-gradient":""}},"ast-content-background-meta":{"desktop":{"background-color":"var(--ast-global-color-5)","background-image":"","background-repeat":"repeat","background-position":"center center","background-size":"auto","background-attachment":"scroll","background-type":"","background-media":"","overlay-type":"","overlay-color":"","overlay-gradient":""},"tablet":{"background-color":"var(--ast-global-color-5)","background-image":"","background-repeat":"repeat","background-position":"center center","background-size":"auto","background-attachment":"scroll","background-type":"","background-media":"","overlay-type":"","overlay-color":"","overlay-gradient":""},"mobile":{"background-color":"var(--ast-global-color-5)","background-image":"","background-repeat":"repeat","background-position":"center center","background-size":"auto","background-attachment":"scroll","background-type":"","background-media":"","overlay-type":"","overlay-color":"","overlay-gradient":""}},"footnotes":""},"class_list":["post-442","page","type-page","status-publish","hentry"],"yoast_head":"<!-- This site is optimized with the Yoast SEO plugin v27.3 - https:\/\/yoast.com\/product\/yoast-seo-wordpress\/ -->\n<title>Tarifs Location \/ Privatisation - L&#039;Usine PAINTBALL- AIRSOFT<\/title>\n<meta name=\"description\" content=\"Centre de Paintball de 5000m\u00b2 sur 4 \u00e9tages, 10 000 m\u00b2 de terrains ext\u00e9rieurs. Situ\u00e9 \u00e0 30 minutes de St L\u00f4, Vire, Avranches et Granville.\" \/>\n<meta name=\"robots\" content=\"index, follow, max-snippet:-1, max-image-preview:large, max-video-preview:-1\" \/>\n<link rel=\"canonical\" href=\"https:\/\/usinepaintballpercy.com\/index.php\/location-privatisation\/\" \/>\n<meta property=\"og:locale\" content=\"fr_FR\" \/>\n<meta property=\"og:type\" content=\"article\" \/>\n<meta property=\"og:title\" content=\"Tarifs Location \/ Privatisation - L&#039;Usine PAINTBALL- AIRSOFT\" \/>\n<meta property=\"og:description\" content=\"Centre de Paintball de 5000m\u00b2 sur 4 \u00e9tages, 10 000 m\u00b2 de terrains ext\u00e9rieurs. Situ\u00e9 \u00e0 30 minutes de St L\u00f4, Vire, Avranches et Granville.\" \/>\n<meta property=\"og:url\" content=\"https:\/\/usinepaintballpercy.com\/index.php\/location-privatisation\/\" \/>\n<meta property=\"og:site_name\" content=\"L&#039;Usine PAINTBALL- AIRSOFT\" \/>\n<meta property=\"article:publisher\" content=\"https:\/\/www.facebook.com\/UsinePaintballPercy\/\" \/>\n<meta property=\"article:modified_time\" content=\"2024-10-11T05:15:42+00:00\" \/>\n<meta property=\"og:image\" content=\"https:\/\/usinepaintballpercy.com\/wp-content\/uploads\/2024\/01\/site_essai-1.jpg\" \/>\n\t<meta property=\"og:image:width\" content=\"1065\" \/>\n\t<meta property=\"og:image:height\" content=\"654\" \/>\n\t<meta property=\"og:image:type\" content=\"image\/jpeg\" \/>\n<meta name=\"twitter:card\" content=\"summary_large_image\" \/>\n<meta name=\"twitter:label1\" content=\"Dur\u00e9e de lecture estim\u00e9e\" \/>\n\t<meta name=\"twitter:data1\" content=\"1 minute\" \/>\n<script type=\"application\/ld+json\" class=\"yoast-schema-graph\">{\"@context\":\"https:\\\/\\\/schema.org\",\"@graph\":[{\"@type\":\"WebPage\",\"@id\":\"https:\\\/\\\/usinepaintballpercy.com\\\/index.php\\\/location-privatisation\\\/\",\"url\":\"https:\\\/\\\/usinepaintballpercy.com\\\/index.php\\\/location-privatisation\\\/\",\"name\":\"Tarifs Location \\\/ Privatisation - L&#039;Usine PAINTBALL- AIRSOFT\",\"isPartOf\":{\"@id\":\"https:\\\/\\\/usinepaintballpercy.com\\\/#website\"},\"primaryImageOfPage\":{\"@id\":\"https:\\\/\\\/usinepaintballpercy.com\\\/index.php\\\/location-privatisation\\\/#primaryimage\"},\"image\":{\"@id\":\"https:\\\/\\\/usinepaintballpercy.com\\\/index.php\\\/location-privatisation\\\/#primaryimage\"},\"thumbnailUrl\":\"http:\\\/\\\/usinepaintballpercy.com\\\/wp-content\\\/uploads\\\/2024\\\/01\\\/site_essai-1.jpg\",\"datePublished\":\"2024-09-08T08:37:39+00:00\",\"dateModified\":\"2024-10-11T05:15:42+00:00\",\"description\":\"Centre de Paintball de 5000m\u00b2 sur 4 \u00e9tages, 10 000 m\u00b2 de terrains ext\u00e9rieurs. Situ\u00e9 \u00e0 30 minutes de St L\u00f4, Vire, Avranches et Granville.\",\"breadcrumb\":{\"@id\":\"https:\\\/\\\/usinepaintballpercy.com\\\/index.php\\\/location-privatisation\\\/#breadcrumb\"},\"inLanguage\":\"fr-FR\",\"potentialAction\":[{\"@type\":\"ReadAction\",\"target\":[\"https:\\\/\\\/usinepaintballpercy.com\\\/index.php\\\/location-privatisation\\\/\"]}]},{\"@type\":\"ImageObject\",\"inLanguage\":\"fr-FR\",\"@id\":\"https:\\\/\\\/usinepaintballpercy.com\\\/index.php\\\/location-privatisation\\\/#primaryimage\",\"url\":\"https:\\\/\\\/usinepaintballpercy.com\\\/wp-content\\\/uploads\\\/2024\\\/01\\\/site_essai-1.jpg\",\"contentUrl\":\"https:\\\/\\\/usinepaintballpercy.com\\\/wp-content\\\/uploads\\\/2024\\\/01\\\/site_essai-1.jpg\",\"width\":1065,\"height\":654},{\"@type\":\"BreadcrumbList\",\"@id\":\"https:\\\/\\\/usinepaintballpercy.com\\\/index.php\\\/location-privatisation\\\/#breadcrumb\",\"itemListElement\":[{\"@type\":\"ListItem\",\"position\":1,\"name\":\"Accueil\",\"item\":\"https:\\\/\\\/usinepaintballpercy.com\\\/\"},{\"@type\":\"ListItem\",\"position\":2,\"name\":\"Tarifs Location \\\/ Privatisation\"}]},{\"@type\":\"WebSite\",\"@id\":\"https:\\\/\\\/usinepaintballpercy.com\\\/#website\",\"url\":\"https:\\\/\\\/usinepaintballpercy.com\\\/\",\"name\":\"L'Usine PAINTBALL- AIRSOFT\",\"description\":\"L&#039;Usine PAINTBALL- AIRSOFT Percy en Normandie\",\"publisher\":{\"@id\":\"https:\\\/\\\/usinepaintballpercy.com\\\/#organization\"},\"potentialAction\":[{\"@type\":\"SearchAction\",\"target\":{\"@type\":\"EntryPoint\",\"urlTemplate\":\"https:\\\/\\\/usinepaintballpercy.com\\\/?s={search_term_string}\"},\"query-input\":{\"@type\":\"PropertyValueSpecification\",\"valueRequired\":true,\"valueName\":\"search_term_string\"}}],\"inLanguage\":\"fr-FR\"},{\"@type\":\"Organization\",\"@id\":\"https:\\\/\\\/usinepaintballpercy.com\\\/#organization\",\"name\":\"L'Usine PAINTBALL- AIRSOFT\",\"url\":\"https:\\\/\\\/usinepaintballpercy.com\\\/\",\"logo\":{\"@type\":\"ImageObject\",\"inLanguage\":\"fr-FR\",\"@id\":\"https:\\\/\\\/usinepaintballpercy.com\\\/#\\\/schema\\\/logo\\\/image\\\/\",\"url\":\"https:\\\/\\\/usinepaintballpercy.com\\\/wp-content\\\/uploads\\\/2023\\\/12\\\/cropped-cropped-LOGO_CCPPRR_122023_V1-2-1.jpg\",\"contentUrl\":\"https:\\\/\\\/usinepaintballpercy.com\\\/wp-content\\\/uploads\\\/2023\\\/12\\\/cropped-cropped-LOGO_CCPPRR_122023_V1-2-1.jpg\",\"width\":958,\"height\":1158,\"caption\":\"L'Usine PAINTBALL- AIRSOFT\"},\"image\":{\"@id\":\"https:\\\/\\\/usinepaintballpercy.com\\\/#\\\/schema\\\/logo\\\/image\\\/\"},\"sameAs\":[\"https:\\\/\\\/www.facebook.com\\\/UsinePaintballPercy\\\/\",\"https:\\\/\\\/www.instagram.com\\\/usinepaintballpercy\\\/\"]}]}<\/script>\n<!-- \/ Yoast SEO plugin. -->","yoast_head_json":{"title":"Tarifs Location \/ Privatisation - L&#039;Usine PAINTBALL- AIRSOFT","description":"Centre de Paintball de 5000m\u00b2 sur 4 \u00e9tages, 10 000 m\u00b2 de terrains ext\u00e9rieurs. Situ\u00e9 \u00e0 30 minutes de St L\u00f4, Vire, Avranches et Granville.","robots":{"index":"index","follow":"follow","max-snippet":"max-snippet:-1","max-image-preview":"max-image-preview:large","max-video-preview":"max-video-preview:-1"},"canonical":"https:\/\/usinepaintballpercy.com\/index.php\/location-privatisation\/","og_locale":"fr_FR","og_type":"article","og_title":"Tarifs Location \/ Privatisation - L&#039;Usine PAINTBALL- AIRSOFT","og_description":"Centre de Paintball de 5000m\u00b2 sur 4 \u00e9tages, 10 000 m\u00b2 de terrains ext\u00e9rieurs. Situ\u00e9 \u00e0 30 minutes de St L\u00f4, Vire, Avranches et Granville.","og_url":"https:\/\/usinepaintballpercy.com\/index.php\/location-privatisation\/","og_site_name":"L&#039;Usine PAINTBALL- AIRSOFT","article_publisher":"https:\/\/www.facebook.com\/UsinePaintballPercy\/","article_modified_time":"2024-10-11T05:15:42+00:00","og_image":[{"width":1065,"height":654,"url":"https:\/\/usinepaintballpercy.com\/wp-content\/uploads\/2024\/01\/site_essai-1.jpg","type":"image\/jpeg"}],"twitter_card":"summary_large_image","twitter_misc":{"Dur\u00e9e de lecture estim\u00e9e":"1 minute"},"schema":{"@context":"https:\/\/schema.org","@graph":[{"@type":"WebPage","@id":"https:\/\/usinepaintballpercy.com\/index.php\/location-privatisation\/","url":"https:\/\/usinepaintballpercy.com\/index.php\/location-privatisation\/","name":"Tarifs Location \/ Privatisation - L&#039;Usine PAINTBALL- AIRSOFT","isPartOf":{"@id":"https:\/\/usinepaintballpercy.com\/#website"},"primaryImageOfPage":{"@id":"https:\/\/usinepaintballpercy.com\/index.php\/location-privatisation\/#primaryimage"},"image":{"@id":"https:\/\/usinepaintballpercy.com\/index.php\/location-privatisation\/#primaryimage"},"thumbnailUrl":"http:\/\/usinepaintballpercy.com\/wp-content\/uploads\/2024\/01\/site_essai-1.jpg","datePublished":"2024-09-08T08:37:39+00:00","dateModified":"2024-10-11T05:15:42+00:00","description":"Centre de Paintball de 5000m\u00b2 sur 4 \u00e9tages, 10 000 m\u00b2 de terrains ext\u00e9rieurs. Situ\u00e9 \u00e0 30 minutes de St L\u00f4, Vire, Avranches et Granville.","breadcrumb":{"@id":"https:\/\/usinepaintballpercy.com\/index.php\/location-privatisation\/#breadcrumb"},"inLanguage":"fr-FR","potentialAction":[{"@type":"ReadAction","target":["https:\/\/usinepaintballpercy.com\/index.php\/location-privatisation\/"]}]},{"@type":"ImageObject","inLanguage":"fr-FR","@id":"https:\/\/usinepaintballpercy.com\/index.php\/location-privatisation\/#primaryimage","url":"https:\/\/usinepaintballpercy.com\/wp-content\/uploads\/2024\/01\/site_essai-1.jpg","contentUrl":"https:\/\/usinepaintballpercy.com\/wp-content\/uploads\/2024\/01\/site_essai-1.jpg","width":1065,"height":654},{"@type":"BreadcrumbList","@id":"https:\/\/usinepaintballpercy.com\/index.php\/location-privatisation\/#breadcrumb","itemListElement":[{"@type":"ListItem","position":1,"name":"Accueil","item":"https:\/\/usinepaintballpercy.com\/"},{"@type":"ListItem","position":2,"name":"Tarifs Location \/ Privatisation"}]},{"@type":"WebSite","@id":"https:\/\/usinepaintballpercy.com\/#website","url":"https:\/\/usinepaintballpercy.com\/","name":"L'Usine PAINTBALL- AIRSOFT","description":"L&#039;Usine PAINTBALL- AIRSOFT Percy en Normandie","publisher":{"@id":"https:\/\/usinepaintballpercy.com\/#organization"},"potentialAction":[{"@type":"SearchAction","target":{"@type":"EntryPoint","urlTemplate":"https:\/\/usinepaintballpercy.com\/?s={search_term_string}"},"query-input":{"@type":"PropertyValueSpecification","valueRequired":true,"valueName":"search_term_string"}}],"inLanguage":"fr-FR"},{"@type":"Organization","@id":"https:\/\/usinepaintballpercy.com\/#organization","name":"L'Usine PAINTBALL- AIRSOFT","url":"https:\/\/usinepaintballpercy.com\/","logo":{"@type":"ImageObject","inLanguage":"fr-FR","@id":"https:\/\/usinepaintballpercy.com\/#\/schema\/logo\/image\/","url":"https:\/\/usinepaintballpercy.com\/wp-content\/uploads\/2023\/12\/cropped-cropped-LOGO_CCPPRR_122023_V1-2-1.jpg","contentUrl":"https:\/\/usinepaintballpercy.com\/wp-content\/uploads\/2023\/12\/cropped-cropped-LOGO_CCPPRR_122023_V1-2-1.jpg","width":958,"height":1158,"caption":"L'Usine PAINTBALL- AIRSOFT"},"image":{"@id":"https:\/\/usinepaintballpercy.com\/#\/schema\/logo\/image\/"},"sameAs":["https:\/\/www.facebook.com\/UsinePaintballPercy\/","https:\/\/www.instagram.com\/usinepaintballpercy\/"]}]}},"_links":{"self":[{"href":"https:\/\/usinepaintballpercy.com\/index.php\/wp-json\/wp\/v2\/pages\/442","targetHints":{"allow":["GET"]}}],"collection":[{"href":"https:\/\/usinepaintballpercy.com\/index.php\/wp-json\/wp\/v2\/pages"}],"about":[{"href":"https:\/\/usinepaintballpercy.com\/index.php\/wp-json\/wp\/v2\/types\/page"}],"author":[{"embeddable":true,"href":"https:\/\/usinepaintballpercy.com\/index.php\/wp-json\/wp\/v2\/users\/1"}],"replies":[{"embeddable":true,"href":"https:\/\/usinepaintballpercy.com\/index.php\/wp-json\/wp\/v2\/comments?post=442"}],"version-history":[{"count":35,"href":"https:\/\/usinepaintballpercy.com\/index.php\/wp-json\/wp\/v2\/pages\/442\/revisions"}],"predecessor-version":[{"id":799,"href":"https:\/\/usinepaintballpercy.com\/index.php\/wp-json\/wp\/v2\/pages\/442\/revisions\/799"}],"wp:attachment":[{"href":"https:\/\/usinepaintballpercy.com\/index.php\/wp-json\/wp\/v2\/media?parent=442"}],"curies":[{"name":"wp","href":"https:\/\/api.w.org\/{rel}","templated":true}]}}