{"id":185,"date":"2024-09-07T18:43:35","date_gmt":"2024-09-07T16:43:35","guid":{"rendered":"https:\/\/usinepaintballpercy.com\/?page_id=185"},"modified":"2024-10-11T07:13:47","modified_gmt":"2024-10-11T05:13:47","slug":"les-lanceurs","status":"publish","type":"page","link":"https:\/\/usinepaintballpercy.com\/index.php\/les-lanceurs\/","title":{"rendered":"Les lanceurs"},"content":{"rendered":"\n<div class=\"wp-block-cover\"><span aria-hidden=\"true\" class=\"wp-block-cover__background has-ast-global-color-5-background-color has-background-dim\"><\/span><img fetchpriority=\"high\" decoding=\"async\" width=\"1065\" height=\"654\" class=\"wp-block-cover__image-background wp-image-122\" alt=\"\" src=\"http:\/\/usinepaintballpercy.com\/wp-content\/uploads\/2024\/01\/site_essai-1.jpg\" data-object-fit=\"cover\" srcset=\"https:\/\/usinepaintballpercy.com\/wp-content\/uploads\/2024\/01\/site_essai-1.jpg 1065w, https:\/\/usinepaintballpercy.com\/wp-content\/uploads\/2024\/01\/site_essai-1-300x184.jpg 300w, https:\/\/usinepaintballpercy.com\/wp-content\/uploads\/2024\/01\/site_essai-1-1024x629.jpg 1024w, https:\/\/usinepaintballpercy.com\/wp-content\/uploads\/2024\/01\/site_essai-1-768x472.jpg 768w\" sizes=\"(max-width: 1065px) 100vw, 1065px\" \/><div class=\"wp-block-cover__inner-container is-layout-constrained wp-block-cover-is-layout-constrained\">\n<h1 class=\"wp-block-heading has-text-align-center\" style=\"font-size:80px;text-transform:none\"><mark style=\"background-color:rgba(0, 0, 0, 0)\" class=\"has-inline-color has-ast-global-color-7-color\">Les lanceurs<\/mark><\/h1>\n<\/div><\/div>\n\n\n\n<p style=\"font-size:25px;text-transform:none\">Vous jouerez avec le haut de gamme du marqueur de loisir : L&rsquo;EMEK, de chez Planet Eclipse.<\/p>\n\n\n\n<p style=\"font-size:25px;text-transform:none\">Pour la premi\u00e8re fois dans l\u2019histoire du paintball, un design issu de la comp\u00e9tition, reconnu pour ses qualit\u00e9s de fiabilit\u00e9 et de consommation, est adapt\u00e9 sur un mod\u00e8le destin\u00e9 au loisir.<\/p>\n\n\n\n<p style=\"font-size:25px;text-transform:none\">Le marqueur est construit autour de la culasse Gamma Core de l&rsquo;Etha2, du Gtek et du Gtek160R. La m\u00eame culasse \u00e9quipe d\u00e9j\u00e0 les marqueurs Eclipse depuis novembre 2015. <br>Sa construction en <strong>GNR*<\/strong> le rend aussi solide que ses concurrents, et surtout <strong>600 grammes plus l\u00e9ger<\/strong>. Un confort de jeu remarquable et jamais vu en loisir.<\/p>\n\n\n\n<p style=\"font-size:25px;text-transform:none\">Il fonctionne avec une pression de service de 125 PSI (9 bars), ce qui permet aussi de r\u00e9duire au maximum la casse de bille.<\/p>\n\n\n\n<figure class=\"wp-block-image aligncenter size-full\"><img decoding=\"async\" width=\"782\" height=\"586\" src=\"https:\/\/usinepaintballpercy.com\/wp-content\/uploads\/2024\/08\/LANCEURS.jpg\" alt=\"Lanceur emek\" class=\"wp-image-188\" srcset=\"https:\/\/usinepaintballpercy.com\/wp-content\/uploads\/2024\/08\/LANCEURS.jpg 782w, https:\/\/usinepaintballpercy.com\/wp-content\/uploads\/2024\/08\/LANCEURS-300x225.jpg 300w, https:\/\/usinepaintballpercy.com\/wp-content\/uploads\/2024\/08\/LANCEURS-768x576.jpg 768w\" sizes=\"(max-width: 782px) 100vw, 782px\" \/><\/figure>\n\n\n\n<p style=\"font-size:25px;text-transform:none\">Ces lanceurs sont \u00e9quip\u00e9s avec <strong>des chargeurs PAL<\/strong> :<\/p>\n\n\n\n<p style=\"font-size:25px;text-transform:none\">Ces loaders sont optimis\u00e9s pour fonctionner avec l&rsquo;Emek et atteindre une cadence de tir exceptionnelle pour un loader m\u00e9canique, pouvant aller jusqu&rsquo;\u00e0 <strong>10 billes par seconde<\/strong>.<\/p>\n\n\n\n<p style=\"font-size:25px;text-transform:none\"><br>Capacit\u00e9 d&rsquo;environ <strong>190 billes en calibre .68<\/strong>, construction \u00e9galement <strong>en GNR*<\/strong><br><em><mark style=\"background-color:rgba(0, 0, 0, 0)\" class=\"has-inline-color has-ast-global-color-1-color\">( * Glass Reinforced Nylon )<\/mark><\/em><\/p>\n\n\n\n<figure class=\"wp-block-image aligncenter size-full\"><img decoding=\"async\" width=\"900\" height=\"419\" src=\"https:\/\/usinepaintballpercy.com\/wp-content\/uploads\/2024\/08\/lanceur_shema.jpg\" alt=\"descriptif du loader\" class=\"wp-image-189\" srcset=\"https:\/\/usinepaintballpercy.com\/wp-content\/uploads\/2024\/08\/lanceur_shema.jpg 900w, https:\/\/usinepaintballpercy.com\/wp-content\/uploads\/2024\/08\/lanceur_shema-300x140.jpg 300w, https:\/\/usinepaintballpercy.com\/wp-content\/uploads\/2024\/08\/lanceur_shema-768x358.jpg 768w\" sizes=\"(max-width: 900px) 100vw, 900px\" \/><\/figure>\n\n\n\n<figure class=\"wp-block-image alignfull size-full\"><img loading=\"lazy\" decoding=\"async\" width=\"541\" height=\"411\" src=\"http:\/\/usinepaintballpercy.com\/wp-content\/uploads\/2024\/08\/explosion-poudre-coloree-fond-blanc.jpg\" alt=\"t\u00e2che de poudre\" class=\"wp-image-157\" srcset=\"https:\/\/usinepaintballpercy.com\/wp-content\/uploads\/2024\/08\/explosion-poudre-coloree-fond-blanc.jpg 541w, https:\/\/usinepaintballpercy.com\/wp-content\/uploads\/2024\/08\/explosion-poudre-coloree-fond-blanc-300x228.jpg 300w\" sizes=\"(max-width: 541px) 100vw, 541px\" \/><\/figure>\n","protected":false},"excerpt":{"rendered":"<p>Vous jouerez avec le haut de gamme du marqueur de loisir : L&rsquo;EMEK, de chez Planet Eclipse. Pour la premi\u00e8re fois dans l\u2019histoire du paintball, un design issu de la comp\u00e9tition, reconnu pour ses qualit\u00e9s de fiabilit\u00e9 et de consommation, est adapt\u00e9 sur un mod\u00e8le destin\u00e9 au loisir. Le marqueur est construit autour de la [&hellip;]<\/p>\n","protected":false},"author":1,"featured_media":0,"parent":0,"menu_order":0,"comment_status":"closed","ping_status":"closed","template":"","meta":{"site-sidebar-layout":"default","site-content-layout":"","ast-site-content-layout":"","site-content-style":"default","site-sidebar-style":"default","ast-global-header-display":"","ast-banner-title-visibility":"","ast-main-header-display":"","ast-hfb-above-header-display":"","ast-hfb-below-header-display":"","ast-hfb-mobile-header-display":"","site-post-title":"disabled","ast-breadcrumbs-content":"","ast-featured-img":"","footer-sml-layout":"","theme-transparent-header-meta":"","adv-header-id-meta":"","stick-header-meta":"","header-above-stick-meta":"","header-main-stick-meta":"","header-below-stick-meta":"","astra-migrate-meta-layouts":"default","ast-page-background-enabled":"default","ast-page-background-meta":{"desktop":{"background-color":"var(--ast-global-color-4)","background-image":"","background-repeat":"repeat","background-position":"center center","background-size":"auto","background-attachment":"scroll","background-type":"","background-media":"","overlay-type":"","overlay-color":"","overlay-gradient":""},"tablet":{"background-color":"","background-image":"","background-repeat":"repeat","background-position":"center center","background-size":"auto","background-attachment":"scroll","background-type":"","background-media":"","overlay-type":"","overlay-color":"","overlay-gradient":""},"mobile":{"background-color":"","background-image":"","background-repeat":"repeat","background-position":"center center","background-size":"auto","background-attachment":"scroll","background-type":"","background-media":"","overlay-type":"","overlay-color":"","overlay-gradient":""}},"ast-content-background-meta":{"desktop":{"background-color":"var(--ast-global-color-5)","background-image":"","background-repeat":"repeat","background-position":"center center","background-size":"auto","background-attachment":"scroll","background-type":"","background-media":"","overlay-type":"","overlay-color":"","overlay-gradient":""},"tablet":{"background-color":"var(--ast-global-color-5)","background-image":"","background-repeat":"repeat","background-position":"center center","background-size":"auto","background-attachment":"scroll","background-type":"","background-media":"","overlay-type":"","overlay-color":"","overlay-gradient":""},"mobile":{"background-color":"var(--ast-global-color-5)","background-image":"","background-repeat":"repeat","background-position":"center center","background-size":"auto","background-attachment":"scroll","background-type":"","background-media":"","overlay-type":"","overlay-color":"","overlay-gradient":""}},"footnotes":""},"class_list":["post-185","page","type-page","status-publish","hentry"],"yoast_head":"<!-- This site is optimized with the Yoast SEO plugin v27.4 - https:\/\/yoast.com\/product\/yoast-seo-wordpress\/ -->\n<title>Les lanceurs - L&#039;Usine PAINTBALL- AIRSOFT<\/title>\n<meta name=\"description\" content=\"Centre de Paintball de 5000m\u00b2 sur 4 \u00e9tages, 10 000 m\u00b2 de terrains ext\u00e9rieurs. Situ\u00e9 \u00e0 30 minutes de St L\u00f4, Vire, Avranches et Granville.\" \/>\n<meta name=\"robots\" content=\"index, follow, max-snippet:-1, max-image-preview:large, max-video-preview:-1\" \/>\n<link rel=\"canonical\" href=\"https:\/\/usinepaintballpercy.com\/index.php\/les-lanceurs\/\" \/>\n<meta property=\"og:locale\" content=\"fr_FR\" \/>\n<meta property=\"og:type\" content=\"article\" \/>\n<meta property=\"og:title\" content=\"Les lanceurs - L&#039;Usine PAINTBALL- AIRSOFT\" \/>\n<meta property=\"og:description\" content=\"Centre de Paintball de 5000m\u00b2 sur 4 \u00e9tages, 10 000 m\u00b2 de terrains ext\u00e9rieurs. Situ\u00e9 \u00e0 30 minutes de St L\u00f4, Vire, Avranches et Granville.\" \/>\n<meta property=\"og:url\" content=\"https:\/\/usinepaintballpercy.com\/index.php\/les-lanceurs\/\" \/>\n<meta property=\"og:site_name\" content=\"L&#039;Usine PAINTBALL- AIRSOFT\" \/>\n<meta property=\"article:publisher\" content=\"https:\/\/www.facebook.com\/UsinePaintballPercy\/\" \/>\n<meta property=\"article:modified_time\" content=\"2024-10-11T05:13:47+00:00\" \/>\n<meta property=\"og:image\" content=\"https:\/\/usinepaintballpercy.com\/wp-content\/uploads\/2024\/01\/site_essai-1.jpg\" \/>\n\t<meta property=\"og:image:width\" content=\"1065\" \/>\n\t<meta property=\"og:image:height\" content=\"654\" \/>\n\t<meta property=\"og:image:type\" content=\"image\/jpeg\" \/>\n<meta name=\"twitter:card\" content=\"summary_large_image\" \/>\n<meta name=\"twitter:label1\" content=\"Dur\u00e9e de lecture estim\u00e9e\" \/>\n\t<meta name=\"twitter:data1\" content=\"2 minutes\" \/>\n<script type=\"application\/ld+json\" class=\"yoast-schema-graph\">{\"@context\":\"https:\\\/\\\/schema.org\",\"@graph\":[{\"@type\":\"WebPage\",\"@id\":\"https:\\\/\\\/usinepaintballpercy.com\\\/index.php\\\/les-lanceurs\\\/\",\"url\":\"https:\\\/\\\/usinepaintballpercy.com\\\/index.php\\\/les-lanceurs\\\/\",\"name\":\"Les lanceurs - L&#039;Usine PAINTBALL- AIRSOFT\",\"isPartOf\":{\"@id\":\"https:\\\/\\\/usinepaintballpercy.com\\\/#website\"},\"primaryImageOfPage\":{\"@id\":\"https:\\\/\\\/usinepaintballpercy.com\\\/index.php\\\/les-lanceurs\\\/#primaryimage\"},\"image\":{\"@id\":\"https:\\\/\\\/usinepaintballpercy.com\\\/index.php\\\/les-lanceurs\\\/#primaryimage\"},\"thumbnailUrl\":\"http:\\\/\\\/usinepaintballpercy.com\\\/wp-content\\\/uploads\\\/2024\\\/01\\\/site_essai-1.jpg\",\"datePublished\":\"2024-09-07T16:43:35+00:00\",\"dateModified\":\"2024-10-11T05:13:47+00:00\",\"description\":\"Centre de Paintball de 5000m\u00b2 sur 4 \u00e9tages, 10 000 m\u00b2 de terrains ext\u00e9rieurs. Situ\u00e9 \u00e0 30 minutes de St L\u00f4, Vire, Avranches et Granville.\",\"breadcrumb\":{\"@id\":\"https:\\\/\\\/usinepaintballpercy.com\\\/index.php\\\/les-lanceurs\\\/#breadcrumb\"},\"inLanguage\":\"fr-FR\",\"potentialAction\":[{\"@type\":\"ReadAction\",\"target\":[\"https:\\\/\\\/usinepaintballpercy.com\\\/index.php\\\/les-lanceurs\\\/\"]}]},{\"@type\":\"ImageObject\",\"inLanguage\":\"fr-FR\",\"@id\":\"https:\\\/\\\/usinepaintballpercy.com\\\/index.php\\\/les-lanceurs\\\/#primaryimage\",\"url\":\"https:\\\/\\\/usinepaintballpercy.com\\\/wp-content\\\/uploads\\\/2024\\\/01\\\/site_essai-1.jpg\",\"contentUrl\":\"https:\\\/\\\/usinepaintballpercy.com\\\/wp-content\\\/uploads\\\/2024\\\/01\\\/site_essai-1.jpg\",\"width\":1065,\"height\":654},{\"@type\":\"BreadcrumbList\",\"@id\":\"https:\\\/\\\/usinepaintballpercy.com\\\/index.php\\\/les-lanceurs\\\/#breadcrumb\",\"itemListElement\":[{\"@type\":\"ListItem\",\"position\":1,\"name\":\"Accueil\",\"item\":\"https:\\\/\\\/usinepaintballpercy.com\\\/\"},{\"@type\":\"ListItem\",\"position\":2,\"name\":\"Les lanceurs\"}]},{\"@type\":\"WebSite\",\"@id\":\"https:\\\/\\\/usinepaintballpercy.com\\\/#website\",\"url\":\"https:\\\/\\\/usinepaintballpercy.com\\\/\",\"name\":\"L'Usine PAINTBALL- AIRSOFT\",\"description\":\"L&#039;Usine PAINTBALL- AIRSOFT Percy en Normandie\",\"publisher\":{\"@id\":\"https:\\\/\\\/usinepaintballpercy.com\\\/#organization\"},\"potentialAction\":[{\"@type\":\"SearchAction\",\"target\":{\"@type\":\"EntryPoint\",\"urlTemplate\":\"https:\\\/\\\/usinepaintballpercy.com\\\/?s={search_term_string}\"},\"query-input\":{\"@type\":\"PropertyValueSpecification\",\"valueRequired\":true,\"valueName\":\"search_term_string\"}}],\"inLanguage\":\"fr-FR\"},{\"@type\":\"Organization\",\"@id\":\"https:\\\/\\\/usinepaintballpercy.com\\\/#organization\",\"name\":\"L'Usine PAINTBALL- AIRSOFT\",\"url\":\"https:\\\/\\\/usinepaintballpercy.com\\\/\",\"logo\":{\"@type\":\"ImageObject\",\"inLanguage\":\"fr-FR\",\"@id\":\"https:\\\/\\\/usinepaintballpercy.com\\\/#\\\/schema\\\/logo\\\/image\\\/\",\"url\":\"https:\\\/\\\/usinepaintballpercy.com\\\/wp-content\\\/uploads\\\/2023\\\/12\\\/cropped-cropped-LOGO_CCPPRR_122023_V1-2-1.jpg\",\"contentUrl\":\"https:\\\/\\\/usinepaintballpercy.com\\\/wp-content\\\/uploads\\\/2023\\\/12\\\/cropped-cropped-LOGO_CCPPRR_122023_V1-2-1.jpg\",\"width\":958,\"height\":1158,\"caption\":\"L'Usine PAINTBALL- AIRSOFT\"},\"image\":{\"@id\":\"https:\\\/\\\/usinepaintballpercy.com\\\/#\\\/schema\\\/logo\\\/image\\\/\"},\"sameAs\":[\"https:\\\/\\\/www.facebook.com\\\/UsinePaintballPercy\\\/\",\"https:\\\/\\\/www.instagram.com\\\/usinepaintballpercy\\\/\"]}]}<\/script>\n<!-- \/ Yoast SEO plugin. -->","yoast_head_json":{"title":"Les lanceurs - L&#039;Usine PAINTBALL- AIRSOFT","description":"Centre de Paintball de 5000m\u00b2 sur 4 \u00e9tages, 10 000 m\u00b2 de terrains ext\u00e9rieurs. Situ\u00e9 \u00e0 30 minutes de St L\u00f4, Vire, Avranches et Granville.","robots":{"index":"index","follow":"follow","max-snippet":"max-snippet:-1","max-image-preview":"max-image-preview:large","max-video-preview":"max-video-preview:-1"},"canonical":"https:\/\/usinepaintballpercy.com\/index.php\/les-lanceurs\/","og_locale":"fr_FR","og_type":"article","og_title":"Les lanceurs - L&#039;Usine PAINTBALL- AIRSOFT","og_description":"Centre de Paintball de 5000m\u00b2 sur 4 \u00e9tages, 10 000 m\u00b2 de terrains ext\u00e9rieurs. Situ\u00e9 \u00e0 30 minutes de St L\u00f4, Vire, Avranches et Granville.","og_url":"https:\/\/usinepaintballpercy.com\/index.php\/les-lanceurs\/","og_site_name":"L&#039;Usine PAINTBALL- AIRSOFT","article_publisher":"https:\/\/www.facebook.com\/UsinePaintballPercy\/","article_modified_time":"2024-10-11T05:13:47+00:00","og_image":[{"width":1065,"height":654,"url":"https:\/\/usinepaintballpercy.com\/wp-content\/uploads\/2024\/01\/site_essai-1.jpg","type":"image\/jpeg"}],"twitter_card":"summary_large_image","twitter_misc":{"Dur\u00e9e de lecture estim\u00e9e":"2 minutes"},"schema":{"@context":"https:\/\/schema.org","@graph":[{"@type":"WebPage","@id":"https:\/\/usinepaintballpercy.com\/index.php\/les-lanceurs\/","url":"https:\/\/usinepaintballpercy.com\/index.php\/les-lanceurs\/","name":"Les lanceurs - L&#039;Usine PAINTBALL- AIRSOFT","isPartOf":{"@id":"https:\/\/usinepaintballpercy.com\/#website"},"primaryImageOfPage":{"@id":"https:\/\/usinepaintballpercy.com\/index.php\/les-lanceurs\/#primaryimage"},"image":{"@id":"https:\/\/usinepaintballpercy.com\/index.php\/les-lanceurs\/#primaryimage"},"thumbnailUrl":"http:\/\/usinepaintballpercy.com\/wp-content\/uploads\/2024\/01\/site_essai-1.jpg","datePublished":"2024-09-07T16:43:35+00:00","dateModified":"2024-10-11T05:13:47+00:00","description":"Centre de Paintball de 5000m\u00b2 sur 4 \u00e9tages, 10 000 m\u00b2 de terrains ext\u00e9rieurs. Situ\u00e9 \u00e0 30 minutes de St L\u00f4, Vire, Avranches et Granville.","breadcrumb":{"@id":"https:\/\/usinepaintballpercy.com\/index.php\/les-lanceurs\/#breadcrumb"},"inLanguage":"fr-FR","potentialAction":[{"@type":"ReadAction","target":["https:\/\/usinepaintballpercy.com\/index.php\/les-lanceurs\/"]}]},{"@type":"ImageObject","inLanguage":"fr-FR","@id":"https:\/\/usinepaintballpercy.com\/index.php\/les-lanceurs\/#primaryimage","url":"https:\/\/usinepaintballpercy.com\/wp-content\/uploads\/2024\/01\/site_essai-1.jpg","contentUrl":"https:\/\/usinepaintballpercy.com\/wp-content\/uploads\/2024\/01\/site_essai-1.jpg","width":1065,"height":654},{"@type":"BreadcrumbList","@id":"https:\/\/usinepaintballpercy.com\/index.php\/les-lanceurs\/#breadcrumb","itemListElement":[{"@type":"ListItem","position":1,"name":"Accueil","item":"https:\/\/usinepaintballpercy.com\/"},{"@type":"ListItem","position":2,"name":"Les lanceurs"}]},{"@type":"WebSite","@id":"https:\/\/usinepaintballpercy.com\/#website","url":"https:\/\/usinepaintballpercy.com\/","name":"L'Usine PAINTBALL- AIRSOFT","description":"L&#039;Usine PAINTBALL- AIRSOFT Percy en Normandie","publisher":{"@id":"https:\/\/usinepaintballpercy.com\/#organization"},"potentialAction":[{"@type":"SearchAction","target":{"@type":"EntryPoint","urlTemplate":"https:\/\/usinepaintballpercy.com\/?s={search_term_string}"},"query-input":{"@type":"PropertyValueSpecification","valueRequired":true,"valueName":"search_term_string"}}],"inLanguage":"fr-FR"},{"@type":"Organization","@id":"https:\/\/usinepaintballpercy.com\/#organization","name":"L'Usine PAINTBALL- AIRSOFT","url":"https:\/\/usinepaintballpercy.com\/","logo":{"@type":"ImageObject","inLanguage":"fr-FR","@id":"https:\/\/usinepaintballpercy.com\/#\/schema\/logo\/image\/","url":"https:\/\/usinepaintballpercy.com\/wp-content\/uploads\/2023\/12\/cropped-cropped-LOGO_CCPPRR_122023_V1-2-1.jpg","contentUrl":"https:\/\/usinepaintballpercy.com\/wp-content\/uploads\/2023\/12\/cropped-cropped-LOGO_CCPPRR_122023_V1-2-1.jpg","width":958,"height":1158,"caption":"L'Usine PAINTBALL- AIRSOFT"},"image":{"@id":"https:\/\/usinepaintballpercy.com\/#\/schema\/logo\/image\/"},"sameAs":["https:\/\/www.facebook.com\/UsinePaintballPercy\/","https:\/\/www.instagram.com\/usinepaintballpercy\/"]}]}},"_links":{"self":[{"href":"https:\/\/usinepaintballpercy.com\/index.php\/wp-json\/wp\/v2\/pages\/185","targetHints":{"allow":["GET"]}}],"collection":[{"href":"https:\/\/usinepaintballpercy.com\/index.php\/wp-json\/wp\/v2\/pages"}],"about":[{"href":"https:\/\/usinepaintballpercy.com\/index.php\/wp-json\/wp\/v2\/types\/page"}],"author":[{"embeddable":true,"href":"https:\/\/usinepaintballpercy.com\/index.php\/wp-json\/wp\/v2\/users\/1"}],"replies":[{"embeddable":true,"href":"https:\/\/usinepaintballpercy.com\/index.php\/wp-json\/wp\/v2\/comments?post=185"}],"version-history":[{"count":21,"href":"https:\/\/usinepaintballpercy.com\/index.php\/wp-json\/wp\/v2\/pages\/185\/revisions"}],"predecessor-version":[{"id":798,"href":"https:\/\/usinepaintballpercy.com\/index.php\/wp-json\/wp\/v2\/pages\/185\/revisions\/798"}],"wp:attachment":[{"href":"https:\/\/usinepaintballpercy.com\/index.php\/wp-json\/wp\/v2\/media?parent=185"}],"curies":[{"name":"wp","href":"https:\/\/api.w.org\/{rel}","templated":true}]}}